{"id":12,"date":"2021-05-28T11:30:11","date_gmt":"2021-05-28T14:30:11","guid":{"rendered":"http:\/\/www.mapucho.com.ar\/?page_id=12"},"modified":"2022-04-21T02:55:52","modified_gmt":"2022-04-21T05:55:52","slug":"historial","status":"publish","type":"page","link":"http:\/\/www.mapucho.com.ar\/index.php\/historial\/","title":{"rendered":"Historial"},"content":{"rendered":"\n<p>A\u00f1o 2005 &#8211; 2009: LA 22<\/p>\n\n\n\n<p>Banda de rocanrol formada por amigos, toc\u00e1bamos en varios cumples, y reuniones. Llegamos a tocar en algunos bares de Campana (Rayuela, MOD, la Estaci\u00f3n) y en la Plaza en la \u00e9poca de &#8220;ensayos abiertos&#8221;. Llegamos a grabar este demo en una sala de ensayo que ya no existe ubicada en barrio 9 de julio y mas adelante dos canciones para un programa de radio. Los integrantes de esta banda y los que pasaron tambi\u00e9n por ella: Markitos, Lauta, Mapu, Pocho, Fran, Pato M., Ema, Diego<\/p>\n\n\n\n<figure class=\"wp-block-embed is-type-video is-provider-youtube wp-block-embed-youtube wp-embed-aspect-4-3 wp-has-aspect-ratio\"><div class=\"wp-block-embed__wrapper\">\n<iframe loading=\"lazy\" title=\"La 22 - Si estas Loco Apreta el Gatillo\" width=\"880\" height=\"660\" src=\"https:\/\/www.youtube.com\/embed\/Awehs8JRtMg?feature=oembed\" frameborder=\"0\" allow=\"accelerometer; autoplay; clipboard-write; encrypted-media; gyroscope; picture-in-picture\" allowfullscreen><\/iframe>\n<\/div><\/figure>\n\n\n\n<figure class=\"wp-block-embed is-type-video is-provider-youtube wp-block-embed-youtube wp-embed-aspect-4-3 wp-has-aspect-ratio\"><div class=\"wp-block-embed__wrapper\">\n<iframe loading=\"lazy\" title=\"La 22 - Playas Oscuras (Los Visitantes)\" width=\"880\" height=\"660\" src=\"https:\/\/www.youtube.com\/embed\/AVtpygW8m78?feature=oembed\" frameborder=\"0\" allow=\"accelerometer; autoplay; clipboard-write; encrypted-media; gyroscope; picture-in-picture\" allowfullscreen><\/iframe>\n<\/div><\/figure>\n\n\n\n<p>A\u00f1o 2008 &#8211; 2016: Viejos Australes<\/p>\n\n\n\n<p>Banda de rock formada por compa\u00f1eros de la facultad (FRD &#8211; UTN), luego con algunos cambios con otros integrantes. Form\u00e9 parte desde el minuto cero hasta el ultimo. Locales tanto en Campana como San Pedro y tocando en varios eventos teloneando a Kapanga, Hijos del Oeste, Cielo Razzo, Fidel Nadal, entre otros. Integrantes que pasaron por esta banda: Primera formaci\u00f3n con Tato (bajo), Pato C. (viola), Turco (voz), Mapu (Bata). Mas tarde pasaron guitarristas como Coco, y finalmente Riches quien estuvo hasta el final. El Conter (quien le dio nombre a la banda) reemplaz\u00f3 a Tato en el bajo y mas tarde Fabri quien tambi\u00e9n estuvo hasta el final. Dani estuvo en el saxo, Nico en el sonido, RRPP el unico e inconfundible Torugo. Tuvimos una larga trayectoria donde pudimos grabar un disco (Por Algo Es) donde grabamos un tema de mi autor\u00eda (Sue\u00f1os) y musicalizamos una serie (MALUCO, con la canci\u00f3n &#8220;Perdidos en el Mas Alla&#8221;) que produjo mi primo Eze en Rio Negro. Lamentablemente en el 2016 muchos nos quedamos con las ganas de seguir en ese momento cuando se decidi\u00f3 terminar con la banda.<\/p>\n\n\n\n<figure class=\"wp-block-embed is-type-video is-provider-youtube wp-block-embed-youtube wp-embed-aspect-16-9 wp-has-aspect-ratio\"><div class=\"wp-block-embed__wrapper\">\n<iframe loading=\"lazy\" title=\"Sue\u00f1os\" width=\"880\" height=\"495\" src=\"https:\/\/www.youtube.com\/embed\/BUk-mWApdA4?feature=oembed\" frameborder=\"0\" allow=\"accelerometer; autoplay; clipboard-write; encrypted-media; gyroscope; picture-in-picture\" allowfullscreen><\/iframe>\n<\/div><\/figure>\n\n\n\n<figure class=\"wp-block-embed is-type-video is-provider-youtube wp-block-embed-youtube wp-embed-aspect-16-9 wp-has-aspect-ratio\"><div class=\"wp-block-embed__wrapper\">\n<iframe loading=\"lazy\" title=\"Viejos Australes - Perdidos en el M\u00e1s All\u00e1\" width=\"880\" height=\"495\" src=\"https:\/\/www.youtube.com\/embed\/1KlpW4a0ZcE?feature=oembed\" frameborder=\"0\" allow=\"accelerometer; autoplay; clipboard-write; encrypted-media; gyroscope; picture-in-picture\" allowfullscreen><\/iframe>\n<\/div><\/figure>\n\n\n\n<p>A\u00f1o 2010 &#8211; 2011: Cada Loco con Su Tema<\/p>\n\n\n\n<p>Banda reconocida y con una larga trayectoria (2010 &#8211; 2021), con varios estilos (rock, murga, reggae) fusionados en la cual tuve la suerte de participar en el inicio. \u00c9ramos varios, y hubo un desfile a lo largo de todos esos a\u00f1os donde pasaron grandes m\u00fasicos en guitarras, bajo, vientos (saxo, tromb\u00f3n, trompeta), bater\u00eda, percusi\u00f3n, adem\u00e1s de los integrantes que estuvieron siempre en los teclados y la voz. La formaci\u00f3n que compart\u00ed fue con Loco Lui (voz), Pablito (teclados), Luigi (bajo), Brunito (percusi\u00f3n), Javi (Guitarra), Catriel (Guitarra), Tio Sax (saxo). Por cuestiones mias me fui en el 2011.<\/p>\n\n\n\n<figure class=\"wp-block-embed is-type-video is-provider-youtube wp-block-embed-youtube wp-embed-aspect-4-3 wp-has-aspect-ratio\"><div class=\"wp-block-embed__wrapper\">\n<iframe loading=\"lazy\" title=\"Cada Loco Con Su Tema - Anunciando El Desastre - 18-12-2010\" width=\"880\" height=\"660\" src=\"https:\/\/www.youtube.com\/embed\/xi2PQZiUha4?feature=oembed\" frameborder=\"0\" allow=\"accelerometer; autoplay; clipboard-write; encrypted-media; gyroscope; picture-in-picture\" allowfullscreen><\/iframe>\n<\/div><\/figure>\n\n\n\n<p>2016 &#8211; 2017: Brontes de Gea<\/p>\n\n\n\n<p>Banda de hard rock formada por Riches y Fabri en la cual me arrim\u00e9 despues del fin de VsAs, y de la cual me baj\u00e9 en el 2017. Power trio que logr\u00f3 tocar en varios lugares y conquistar la escena del rock con simpleza y mucho trabajo de ensayo. Grabamos algunos demos en coraje estudio y tocamos en much\u00edsimos lugares del Under (Campana, Z\u00e1rate, Arrecifes, Tortugas, Virrey del Pino, entre otros..)<\/p>\n\n\n\n<figure class=\"wp-block-embed is-type-video is-provider-youtube wp-block-embed-youtube wp-embed-aspect-16-9 wp-has-aspect-ratio\"><div class=\"wp-block-embed__wrapper\">\n<iframe loading=\"lazy\" title=\"Brontes de Gea - Hasta Luego\" width=\"880\" height=\"495\" src=\"https:\/\/www.youtube.com\/embed\/z6oRDOgK3jY?feature=oembed\" frameborder=\"0\" allow=\"accelerometer; autoplay; clipboard-write; encrypted-media; gyroscope; picture-in-picture\" allowfullscreen><\/iframe>\n<\/div><\/figure>\n\n\n\n<p>2017-2018: Tiempo parado en el que prob\u00e9 algunas bandas que simplemente no funcionaron.<\/p>\n\n\n\n<p>2018-2020: Pie con Bola.<\/p>\n\n\n\n<p>Banda de Hard Rock que ya ven\u00eda con una linda trayectoria y un demo, y a la cual me arrim\u00e9 por un llamado de Pablito. Tocamos en la escena under local (Campana) y grabamos un disco (INCLEMENTE) pura y exclusivamente hecho entre nosotros, desde la grabaci\u00f3n, edici\u00f3n, mezcla, masterizaci\u00f3n y hasta un video con edici\u00f3n de im\u00e1genes de la grabaci\u00f3n. Lamentablemente la pandemia y algunas ideas terminaron con esta hermosa banda musical pero se mantuvo la banda amiga. Formaci\u00f3n: (Facu en la bata, mapu en la bata, Emi en la voz y guitarra, Pablito en la Viola, Dami en el bajo, Tucu y Marce managers).<\/p>\n\n\n\n<figure class=\"wp-block-embed is-type-video is-provider-youtube wp-block-embed-youtube wp-embed-aspect-16-9 wp-has-aspect-ratio\"><div class=\"wp-block-embed__wrapper\">\n<iframe loading=\"lazy\" title=\"Ir\u00f3nicamente\" width=\"880\" height=\"495\" src=\"https:\/\/www.youtube.com\/embed\/8F2r7zJYXf8?feature=oembed\" frameborder=\"0\" allow=\"accelerometer; autoplay; clipboard-write; encrypted-media; gyroscope; picture-in-picture\" allowfullscreen><\/iframe>\n<\/div><\/figure>\n\n\n\n<figure class=\"wp-block-embed is-type-video is-provider-youtube wp-block-embed-youtube wp-embed-aspect-16-9 wp-has-aspect-ratio\"><div class=\"wp-block-embed__wrapper\">\n<iframe loading=\"lazy\" title=\"Soy Quien No Ha de Morir (Pie Con Bola FT. Hernan Monge)\" width=\"880\" height=\"495\" src=\"https:\/\/www.youtube.com\/embed\/zNGoj47vn9Q?feature=oembed\" frameborder=\"0\" allow=\"accelerometer; autoplay; clipboard-write; encrypted-media; gyroscope; picture-in-picture\" allowfullscreen><\/iframe>\n<\/div><\/figure>\n\n\n\n<p>2020 &#8211; 2022: Furiosos 50<\/p>\n\n\n\n<p>Este a\u00f1o en el que se termina Pie con Bola, decidimos darnos una segunda oportunidad los que le apost\u00e1bamos a todo esto, asique con Pablito y Dami seguimos un camino que empezamos a caminar con Leo (guitarra) y Hernan (voz). Si bien ya hab\u00edamos experimentado algo con Hernan en Pie con Bola (pandemia con producciones a distancia), esto fue un nuevo desaf\u00edo de arrancar otra vez de cero. Hermosa banda con la cual llegamos a grabar un EP de tres temas en estudio, de la cual me baj\u00e9 en el 2022 por cuestiones personales. <\/p>\n\n\n\n<figure class=\"wp-block-embed is-type-video is-provider-youtube wp-block-embed-youtube wp-embed-aspect-16-9 wp-has-aspect-ratio\"><div class=\"wp-block-embed__wrapper\">\n<iframe loading=\"lazy\" title=\"Furiosos 50 - Veni a Buscarme (Version Ensayo)\" width=\"880\" height=\"495\" src=\"https:\/\/www.youtube.com\/embed\/S8HlR47pUcE?feature=oembed\" frameborder=\"0\" allow=\"accelerometer; autoplay; clipboard-write; encrypted-media; gyroscope; picture-in-picture\" allowfullscreen><\/iframe>\n<\/div><\/figure>\n\n\n\n<p>A\u00f1o 2020 &#8211; Actualidad: Los Galancitos<\/p>\n\n\n\n<p>Corre el a\u00f1o 2020 y se desata una pandemia horrible (o dos) en la que estuvimos encerrados y con miedo de salir a la calle. Plena pandemia, donde muchas bandas se separaban el Duque comienza a hacer producciones a distancia con m\u00fasicos amigos de \u00e9l donde cada uno grababa su instrumento en su casa y luego \u00e9l mezclaba todo. Fue el primer paso para darnos las ganas de formar algo serio y comenzar con los ensayos en octubre. Comenzamos entonces este camino con el Duque en la voz y guitarra, el Principe en la viola, Conde en la viola, Arlekin en el bajo, y ac\u00e1 en la bater\u00eda. Tiempo despu\u00e9s el Arlekin decide irse y entra Dami. Lindas experiencias de debutar en The Roxy, y participar del programa de Mizrahi en la tele. Al momento estamos preproduciendo disco y sacando al p\u00fablico algunos videos con dicha calidad de sonido.<\/p>\n\n\n\n<figure class=\"wp-block-embed is-type-video is-provider-youtube wp-block-embed-youtube wp-embed-aspect-16-9 wp-has-aspect-ratio\"><div class=\"wp-block-embed__wrapper\">\n<iframe loading=\"lazy\" title=\"A mas ( Los Galancitos en Mete Pua )\" width=\"880\" height=\"495\" src=\"https:\/\/www.youtube.com\/embed\/yQwnwCNdCFc?feature=oembed\" frameborder=\"0\" allow=\"accelerometer; autoplay; clipboard-write; encrypted-media; gyroscope; picture-in-picture\" allowfullscreen><\/iframe>\n<\/div><\/figure>\n\n\n\n<figure class=\"wp-block-embed is-type-video is-provider-youtube wp-block-embed-youtube wp-embed-aspect-16-9 wp-has-aspect-ratio\"><div class=\"wp-block-embed__wrapper\">\n<iframe loading=\"lazy\" title=\"ELLA, LOS GALANCITOS\" width=\"880\" height=\"495\" src=\"https:\/\/www.youtube.com\/embed\/FIGqQmYKrXg?feature=oembed\" frameborder=\"0\" allow=\"accelerometer; autoplay; clipboard-write; encrypted-media; gyroscope; picture-in-picture\" allowfullscreen><\/iframe>\n<\/div><\/figure>\n\n\n\n<p><\/p>\n\n\n\n<p><\/p>\n","protected":false},"excerpt":{"rendered":"<p>A\u00f1o 2005 &#8211; 2009: LA 22 Banda de rocanrol formada por amigos, toc\u00e1bamos en varios cumples, y reuniones. Llegamos a<\/p>\n<p><a href=\"http:\/\/www.mapucho.com.ar\/index.php\/historial\/\" class=\"more-link\">Continue reading<span class=\"screen-reader-text\">Historial<\/span><\/a><\/p>\n","protected":false},"author":1,"featured_media":0,"parent":0,"menu_order":0,"comment_status":"closed","ping_status":"closed","template":"","meta":{"footnotes":""},"class_list":["post-12","page","type-page","status-publish","hentry"],"_links":{"self":[{"href":"http:\/\/www.mapucho.com.ar\/index.php\/wp-json\/wp\/v2\/pages\/12","targetHints":{"allow":["GET"]}}],"collection":[{"href":"http:\/\/www.mapucho.com.ar\/index.php\/wp-json\/wp\/v2\/pages"}],"about":[{"href":"http:\/\/www.mapucho.com.ar\/index.php\/wp-json\/wp\/v2\/types\/page"}],"author":[{"embeddable":true,"href":"http:\/\/www.mapucho.com.ar\/index.php\/wp-json\/wp\/v2\/users\/1"}],"replies":[{"embeddable":true,"href":"http:\/\/www.mapucho.com.ar\/index.php\/wp-json\/wp\/v2\/comments?post=12"}],"version-history":[{"count":9,"href":"http:\/\/www.mapucho.com.ar\/index.php\/wp-json\/wp\/v2\/pages\/12\/revisions"}],"predecessor-version":[{"id":58,"href":"http:\/\/www.mapucho.com.ar\/index.php\/wp-json\/wp\/v2\/pages\/12\/revisions\/58"}],"wp:attachment":[{"href":"http:\/\/www.mapucho.com.ar\/index.php\/wp-json\/wp\/v2\/media?parent=12"}],"curies":[{"name":"wp","href":"https:\/\/api.w.org\/{rel}","templated":true}]}}