{"id":26,"date":"2021-05-28T12:35:55","date_gmt":"2021-05-28T15:35:55","guid":{"rendered":"http:\/\/www.mapucho.com.ar\/?page_id=26"},"modified":"2023-04-17T23:44:46","modified_gmt":"2023-04-18T02:44:46","slug":"inicio-sitio","status":"publish","type":"page","link":"http:\/\/www.mapucho.com.ar\/","title":{"rendered":"Inicio Sitio"},"content":{"rendered":"\n<p class=\"has-text-align-center\">Buscando definiciones de la&nbsp;<strong>M\u00fasica<\/strong>&nbsp;encontr\u00e9 que es el arte de combinar los sonidos en una secuencia temporal atendiendo a las leyes de la armon\u00eda, la melod\u00eda y el ritmo, o de producirlos con instrumentos musicales. Es el&nbsp;arte&nbsp;de organizar sensible y l\u00f3gicamente una combinaci\u00f3n coherente de&nbsp;sonidos&nbsp;y&nbsp;silencios&nbsp;utilizando los principios fundamentales de la&nbsp;melod\u00eda, la&nbsp;armon\u00eda&nbsp;y el&nbsp;ritmo, mediante la intervenci\u00f3n de complejos procesos psico-an\u00edmicos.<\/p>\n\n\n\n<p class=\"has-text-align-center\">Para mi es un mundo diferente en donde todo es coherente y las \u201cleyes\u201d de las que hablan las definiciones encontradas cobran sentido cuando ejecut\u00e1s un instrumento y disfrut\u00e1s de lo que sale de eso. Un mundo tan diferente al COTIDIANO en el que muchas de las leyes que nos rigen no tienen sentido, y a su vez convive en este mundo cotidiano en todo momento, porque sin la m\u00fasica ser\u00eda todo diferente, muy aburrido, y totalmente absurdo.<\/p>\n","protected":false},"excerpt":{"rendered":"<p>Buscando definiciones de la&nbsp;M\u00fasica&nbsp;encontr\u00e9 que es el arte de combinar los sonidos en una secuencia temporal atendiendo a las leyes<\/p>\n<p><a href=\"http:\/\/www.mapucho.com.ar\/\" class=\"more-link\">Continue reading<span class=\"screen-reader-text\">Inicio Sitio<\/span><\/a><\/p>\n","protected":false},"author":1,"featured_media":0,"parent":0,"menu_order":0,"comment_status":"closed","ping_status":"closed","template":"","meta":{"footnotes":""},"class_list":["post-26","page","type-page","status-publish","hentry"],"_links":{"self":[{"href":"http:\/\/www.mapucho.com.ar\/index.php\/wp-json\/wp\/v2\/pages\/26","targetHints":{"allow":["GET"]}}],"collection":[{"href":"http:\/\/www.mapucho.com.ar\/index.php\/wp-json\/wp\/v2\/pages"}],"about":[{"href":"http:\/\/www.mapucho.com.ar\/index.php\/wp-json\/wp\/v2\/types\/page"}],"author":[{"embeddable":true,"href":"http:\/\/www.mapucho.com.ar\/index.php\/wp-json\/wp\/v2\/users\/1"}],"replies":[{"embeddable":true,"href":"http:\/\/www.mapucho.com.ar\/index.php\/wp-json\/wp\/v2\/comments?post=26"}],"version-history":[{"count":5,"href":"http:\/\/www.mapucho.com.ar\/index.php\/wp-json\/wp\/v2\/pages\/26\/revisions"}],"predecessor-version":[{"id":91,"href":"http:\/\/www.mapucho.com.ar\/index.php\/wp-json\/wp\/v2\/pages\/26\/revisions\/91"}],"wp:attachment":[{"href":"http:\/\/www.mapucho.com.ar\/index.php\/wp-json\/wp\/v2\/media?parent=26"}],"curies":[{"name":"wp","href":"https:\/\/api.w.org\/{rel}","templated":true}]}}